{"id":499,"date":"2024-10-01T20:44:19","date_gmt":"2024-10-02T00:44:19","guid":{"rendered":"https:\/\/susanransen.com\/about-2\/"},"modified":"2024-10-03T21:00:21","modified_gmt":"2024-10-04T01:00:21","slug":"about-2","status":"publish","type":"page","link":"https:\/\/susanransen.com\/fr\/about-2\/","title":{"rendered":"\u00c0 propos"},"content":{"rendered":"<div data-elementor-type=\"wp-page\" data-elementor-id=\"499\" class=\"elementor elementor-499\" data-elementor-post-type=\"page\">\n\t\t\t\t\t\t<section class=\"elementor-section elementor-top-section elementor-element elementor-element-2a3d250f elementor-section-height-min-height elementor-section-boxed elementor-section-height-default elementor-section-items-middle\" data-id=\"2a3d250f\" data-element_type=\"section\" data-e-type=\"section\" data-settings=\"{&quot;background_background&quot;:&quot;classic&quot;}\">\n\t\t\t\t\t\t<div class=\"elementor-container elementor-column-gap-default\">\n\t\t\t\t\t<div class=\"elementor-column elementor-col-100 elementor-top-column elementor-element elementor-element-20e3e7bc\" data-id=\"20e3e7bc\" data-element_type=\"column\" data-e-type=\"column\">\n\t\t\t<div class=\"elementor-widget-wrap elementor-element-populated\">\n\t\t\t\t\t\t<div class=\"elementor-element elementor-element-4a00b2e8 elementor-widget elementor-widget-heading\" data-id=\"4a00b2e8\" data-element_type=\"widget\" data-e-type=\"widget\" data-widget_type=\"heading.default\">\n\t\t\t\t<div class=\"elementor-widget-container\">\n\t\t\t\t\t<h1 class=\"elementor-heading-title elementor-size-default\">\u00c0 propos de Susan<\/h1>\t\t\t\t<\/div>\n\t\t\t\t<\/div>\n\t\t\t\t\t<\/div>\n\t\t<\/div>\n\t\t\t\t\t<\/div>\n\t\t<\/section>\n\t\t\t\t<section class=\"elementor-section elementor-top-section elementor-element elementor-element-1929b8f elementor-section-height-min-height elementor-section-items-top elementor-section-boxed elementor-section-height-default\" data-id=\"1929b8f\" data-element_type=\"section\" data-e-type=\"section\">\n\t\t\t\t\t\t<div class=\"elementor-container elementor-column-gap-default\">\n\t\t\t\t\t<div class=\"elementor-column elementor-col-100 elementor-top-column elementor-element elementor-element-e01bcd\" data-id=\"e01bcd\" data-element_type=\"column\" data-e-type=\"column\">\n\t\t\t<div class=\"elementor-widget-wrap elementor-element-populated\">\n\t\t\t\t\t\t<div class=\"elementor-element elementor-element-e5a35ab elementor-align-center elementor-invisible elementor-widget elementor-widget-button\" data-id=\"e5a35ab\" data-element_type=\"widget\" data-e-type=\"widget\" data-settings=\"{&quot;_animation&quot;:&quot;slideInDown&quot;,&quot;_animation_delay&quot;:&quot;2000&quot;}\" data-widget_type=\"button.default\">\n\t\t\t\t<div class=\"elementor-widget-container\">\n\t\t\t\t\t\t\t\t\t<div class=\"elementor-button-wrapper\">\n\t\t\t\t\t<a class=\"elementor-button elementor-button-link elementor-size-sm elementor-animation-sink\" href=\"#explore\">\n\t\t\t\t\t\t<span class=\"elementor-button-content-wrapper\">\n\t\t\t\t\t\t<span class=\"elementor-button-icon\">\n\t\t\t\t<svg xmlns=\"http:\/\/www.w3.org\/2000\/svg\" id=\"ebcc300a-4dda-4859-abf3-0affe58d82e7\" data-name=\"Layer 1\" width=\"19.0674\" height=\"10.3931\" viewbox=\"0 0 19.0674 10.3931\"><polygon points=\"19.067 1.048 18.08 0 9.209 8.36 1.029 0 0 1.007 8.299 9.49 9.15 10.393 19.067 1.048\"><\/polygon><\/svg>\t\t\t<\/span>\n\t\t\t\t\t\t\t\t\t<span class=\"elementor-button-text\">Explorer<\/span>\n\t\t\t\t\t<\/span>\n\t\t\t\t\t<\/a>\n\t\t\t\t<\/div>\n\t\t\t\t\t\t\t\t<\/div>\n\t\t\t\t<\/div>\n\t\t\t\t\t<\/div>\n\t\t<\/div>\n\t\t\t\t\t<\/div>\n\t\t<\/section>\n\t\t\t\t<section class=\"elementor-section elementor-top-section elementor-element elementor-element-4c0fe26b elementor-section-height-min-height elementor-section-full_width elementor-section-height-default elementor-section-items-middle\" data-id=\"4c0fe26b\" data-element_type=\"section\" data-e-type=\"section\" id=\"explore\">\n\t\t\t\t\t\t<div class=\"elementor-container elementor-column-gap-no\">\n\t\t\t\t\t<div class=\"elementor-column elementor-col-100 elementor-top-column elementor-element elementor-element-48bc6de1\" data-id=\"48bc6de1\" data-element_type=\"column\" data-e-type=\"column\">\n\t\t\t<div class=\"elementor-widget-wrap elementor-element-populated\">\n\t\t\t\t\t\t<section class=\"elementor-section elementor-inner-section elementor-element elementor-element-2527dd8a elementor-section-boxed elementor-section-height-default elementor-section-height-default\" data-id=\"2527dd8a\" data-element_type=\"section\" data-e-type=\"section\">\n\t\t\t\t\t\t<div class=\"elementor-container elementor-column-gap-no\">\n\t\t\t\t\t<div class=\"elementor-column elementor-col-100 elementor-inner-column elementor-element elementor-element-27e8a7dd\" data-id=\"27e8a7dd\" data-element_type=\"column\" data-e-type=\"column\">\n\t\t\t<div class=\"elementor-widget-wrap elementor-element-populated\">\n\t\t\t\t\t\t<div class=\"elementor-element elementor-element-4e78e0df elementor-widget elementor-widget-heading\" data-id=\"4e78e0df\" data-element_type=\"widget\" data-e-type=\"widget\" data-widget_type=\"heading.default\">\n\t\t\t\t<div class=\"elementor-widget-container\">\n\t\t\t\t\t<h2 class=\"elementor-heading-title elementor-size-default\">Votre maison est ma mission<\/h2>\t\t\t\t<\/div>\n\t\t\t\t<\/div>\n\t\t\t\t\t<\/div>\n\t\t<\/div>\n\t\t\t\t\t<\/div>\n\t\t<\/section>\n\t\t\t\t<div class=\"elementor-element elementor-element-62febead elementor-widget-divider--view-line elementor-widget elementor-widget-divider\" data-id=\"62febead\" data-element_type=\"widget\" data-e-type=\"widget\" data-widget_type=\"divider.default\">\n\t\t\t\t<div class=\"elementor-widget-container\">\n\t\t\t\t\t\t\t<div class=\"elementor-divider\">\n\t\t\t<span class=\"elementor-divider-separator\">\n\t\t\t\t\t\t<\/span>\n\t\t<\/div>\n\t\t\t\t\t\t<\/div>\n\t\t\t\t<\/div>\n\t\t\t\t<section class=\"elementor-section elementor-inner-section elementor-element elementor-element-3d03f722 elementor-section-boxed elementor-section-height-default elementor-section-height-default\" data-id=\"3d03f722\" data-element_type=\"section\" data-e-type=\"section\">\n\t\t\t\t\t\t<div class=\"elementor-container elementor-column-gap-default\">\n\t\t\t\t\t<div class=\"elementor-column elementor-col-100 elementor-inner-column elementor-element elementor-element-29bca8cc\" data-id=\"29bca8cc\" data-element_type=\"column\" data-e-type=\"column\">\n\t\t\t<div class=\"elementor-widget-wrap elementor-element-populated\">\n\t\t\t\t\t\t<div class=\"elementor-element elementor-element-de50507 elementor-widget elementor-widget-image\" data-id=\"de50507\" data-element_type=\"widget\" data-e-type=\"widget\" data-widget_type=\"image.default\">\n\t\t\t\t<div class=\"elementor-widget-container\">\n\t\t\t\t\t\t\t\t\t\t\t\t\t\t\t<img fetchpriority=\"high\" decoding=\"async\" width=\"250\" height=\"295\" src=\"https:\/\/susanransen.com\/wp-content\/uploads\/2022\/01\/Susan-Ransen.jpg\" class=\"attachment-large size-large wp-image-139\" alt=\"\" \/>\t\t\t\t\t\t\t\t\t\t\t\t\t\t\t<\/div>\n\t\t\t\t<\/div>\n\t\t\t\t<div class=\"elementor-element elementor-element-47f6e713 elementor-widget elementor-widget-text-editor\" data-id=\"47f6e713\" data-element_type=\"widget\" data-e-type=\"widget\" data-widget_type=\"text-editor.default\">\n\t\t\t\t<div class=\"elementor-widget-container\">\n\t\t\t\t\t\t\t\t\t<p>\"Je suis passion\u00e9 de trouver la maison id\u00e9ale pour mes clients, un endroit o\u00f9 ils cr\u00e9eront de nombreux souvenirs pour les ann\u00e9es \u00e0 venir\"<\/p><p>Une montr\u00e9alaise de longue date, Susan Ransen a grandi \u00e0 Westmount dans une famille de l\u2019immobilier et a appris d\u00e8s son plus jeune \u00e2ge qu\u2019une solide \u00e9thique de travail et un engagement inlassable envers le service \u00e0 la client\u00e8le m\u00e8nent au succ\u00e8s. Gr\u00e2ce \u00e0 son dipl\u00f4me en beaux-arts avec une sp\u00e9cialisation en design architectural, Susan poss\u00e8de une connaissance approfondie des maisons patrimoniales, ainsi qu\u2019un \u0153il impeccable pour le style.<\/p><p>Avec plus de 18 ans d\u2019exp\u00e9rience en tant que courtier immobilier agr\u00e9\u00e9 repr\u00e9sentant des propri\u00e9t\u00e9s prestigieuses, Susan a construit une base solide de clients fid\u00e8les qui appr\u00e9cient sa compr\u00e9hension approfondie de l\u2019achat et de la vente \u00e0 Westmount, Ville de Mont-Royal, Golden Square Mile, \u00cele des S\u0153urs, Notre-Dame-de-Gr\u00e2ce, Montr\u00e9al-Ouest, Hampstead, C\u00f4te St-Luc et Vieux-Montr\u00e9al.<\/p><p>Susan est passionn\u00e9e par la r\u00e9invention de l\u2019immobilier en offrant un niveau de service sup\u00e9rieur, un marketing  innovant et une exp\u00e9rience client hautement personnalis\u00e9e \u00e0 sa client\u00e8le.<\/p><p>\u00c0 l'aide des derni\u00e8res informations sur le march\u00e9 et de son int\u00e9grit\u00e9, Susan est une n\u00e9gociatrice confiante, d\u00e9termin\u00e9e \u00e0 r\u00e9ussir au nom de ses clients et passionn\u00e9e par le fait de leur montrer les meilleures propri\u00e9t\u00e9s que la ville a \u00e0 offrir.<\/p><p>Susan est fi\u00e8re de son approche honn\u00eate et transparente et s\u2019efforce d\u2019\u00e9tablir des relations durables avec ses clients. Form\u00e9e et inspir\u00e9e par les meilleurs agents de la ville, Susan est passionn\u00e9e de trouver la maison parfaite pour ses clients et toujours en tenant les int\u00e9r\u00eats de ses clients \u00e0 c\u0153ur.<\/p>\t\t\t\t\t\t\t\t<\/div>\n\t\t\t\t<\/div>\n\t\t\t\t<div class=\"elementor-element elementor-element-f09c99d elementor-widget elementor-widget-spacer\" data-id=\"f09c99d\" data-element_type=\"widget\" data-e-type=\"widget\" data-widget_type=\"spacer.default\">\n\t\t\t\t<div class=\"elementor-widget-container\">\n\t\t\t\t\t\t\t<div class=\"elementor-spacer\">\n\t\t\t<div class=\"elementor-spacer-inner\"><\/div>\n\t\t<\/div>\n\t\t\t\t\t\t<\/div>\n\t\t\t\t<\/div>\n\t\t\t\t\t<\/div>\n\t\t<\/div>\n\t\t\t\t\t<\/div>\n\t\t<\/section>\n\t\t\t\t\t<\/div>\n\t\t<\/div>\n\t\t\t\t\t<\/div>\n\t\t<\/section>\n\t\t\t\t<\/div>","protected":false},"excerpt":{"rendered":"<p>About Susan Explore Your Home is my mission \u201cI\u2019m inspired to find the ideal home for my clients, a place where they\u2019ll create many memories in years to come.\u201d A lifelong Montrealer, Susan Ransen grew up in Westmount in a real estate family, and learned from an early age that a strong work ethic and [&hellip;]<\/p>\n","protected":false},"author":1,"featured_media":511,"parent":0,"menu_order":0,"comment_status":"closed","ping_status":"closed","template":"elementor_header_footer","meta":{"footnotes":""},"class_list":["post-499","page","type-page","status-publish","has-post-thumbnail","hentry"],"yoast_head":"<!-- This site is optimized with the Yoast SEO plugin v27.4 - https:\/\/yoast.com\/product\/yoast-seo-wordpress\/ -->\n<title>About - Susan Ransen Real Estate<\/title>\n<meta name=\"robots\" content=\"index, follow, max-snippet:-1, max-image-preview:large, max-video-preview:-1\" \/>\n<link rel=\"canonical\" href=\"https:\/\/susanransen.com\/fr\/about-2\/\" \/>\n<meta property=\"og:locale\" content=\"fr_CA\" \/>\n<meta property=\"og:type\" content=\"article\" \/>\n<meta property=\"og:title\" content=\"About - Susan Ransen Real Estate\" \/>\n<meta property=\"og:description\" content=\"About Susan Explore Your Home is my mission \u201cI\u2019m inspired to find the ideal home for my clients, a place where they\u2019ll create many memories in years to come.\u201d A lifelong Montrealer, Susan Ransen grew up in Westmount in a real estate family, and learned from an early age that a strong work ethic and [&hellip;]\" \/>\n<meta property=\"og:url\" content=\"https:\/\/susanransen.com\/fr\/about-2\/\" \/>\n<meta property=\"og:site_name\" content=\"Susan Ransen Real Estate\" \/>\n<meta property=\"article:publisher\" content=\"https:\/\/www.facebook.com\/Susanransen\/\" \/>\n<meta property=\"article:modified_time\" content=\"2024-10-04T01:00:21+00:00\" \/>\n<meta property=\"og:image\" content=\"https:\/\/susanransen.com\/wp-content\/uploads\/2024\/10\/About.jpg\" \/>\n\t<meta property=\"og:image:width\" content=\"400\" \/>\n\t<meta property=\"og:image:height\" content=\"380\" \/>\n\t<meta property=\"og:image:type\" content=\"image\/jpeg\" \/>\n<meta name=\"twitter:card\" content=\"summary_large_image\" \/>\n<meta name=\"twitter:label1\" content=\"Est. reading time\" \/>\n\t<meta name=\"twitter:data1\" content=\"2 minutes\" \/>\n<script type=\"application\/ld+json\" class=\"yoast-schema-graph\">{\"@context\":\"https:\\\/\\\/schema.org\",\"@graph\":[{\"@type\":\"WebPage\",\"@id\":\"https:\\\/\\\/susanransen.com\\\/about-2\\\/\",\"url\":\"https:\\\/\\\/susanransen.com\\\/about-2\\\/\",\"name\":\"About - Susan Ransen Real Estate\",\"isPartOf\":{\"@id\":\"https:\\\/\\\/susanransen.com\\\/#website\"},\"primaryImageOfPage\":{\"@id\":\"https:\\\/\\\/susanransen.com\\\/about-2\\\/#primaryimage\"},\"image\":{\"@id\":\"https:\\\/\\\/susanransen.com\\\/about-2\\\/#primaryimage\"},\"thumbnailUrl\":\"https:\\\/\\\/susanransen.com\\\/wp-content\\\/uploads\\\/2024\\\/10\\\/About.jpg\",\"datePublished\":\"2024-10-02T00:44:19+00:00\",\"dateModified\":\"2024-10-04T01:00:21+00:00\",\"breadcrumb\":{\"@id\":\"https:\\\/\\\/susanransen.com\\\/about-2\\\/#breadcrumb\"},\"inLanguage\":\"fr-CA\",\"potentialAction\":[{\"@type\":\"ReadAction\",\"target\":[\"https:\\\/\\\/susanransen.com\\\/about-2\\\/\"]}]},{\"@type\":\"ImageObject\",\"inLanguage\":\"fr-CA\",\"@id\":\"https:\\\/\\\/susanransen.com\\\/about-2\\\/#primaryimage\",\"url\":\"https:\\\/\\\/susanransen.com\\\/wp-content\\\/uploads\\\/2024\\\/10\\\/About.jpg\",\"contentUrl\":\"https:\\\/\\\/susanransen.com\\\/wp-content\\\/uploads\\\/2024\\\/10\\\/About.jpg\",\"width\":400,\"height\":380},{\"@type\":\"BreadcrumbList\",\"@id\":\"https:\\\/\\\/susanransen.com\\\/about-2\\\/#breadcrumb\",\"itemListElement\":[{\"@type\":\"ListItem\",\"position\":1,\"name\":\"Home\",\"item\":\"https:\\\/\\\/susanransen.com\\\/\"},{\"@type\":\"ListItem\",\"position\":2,\"name\":\"About\"}]},{\"@type\":\"WebSite\",\"@id\":\"https:\\\/\\\/susanransen.com\\\/#website\",\"url\":\"https:\\\/\\\/susanransen.com\\\/\",\"name\":\"Susan Ransen Real Estate\",\"description\":\"Real Estate Agent specializing in Montreal&#039;s trendiest neighborhoods\",\"publisher\":{\"@id\":\"https:\\\/\\\/susanransen.com\\\/#organization\"},\"potentialAction\":[{\"@type\":\"SearchAction\",\"target\":{\"@type\":\"EntryPoint\",\"urlTemplate\":\"https:\\\/\\\/susanransen.com\\\/?s={search_term_string}\"},\"query-input\":{\"@type\":\"PropertyValueSpecification\",\"valueRequired\":true,\"valueName\":\"search_term_string\"}}],\"inLanguage\":\"fr-CA\"},{\"@type\":\"Organization\",\"@id\":\"https:\\\/\\\/susanransen.com\\\/#organization\",\"name\":\"Susan Ransen Real Estate\",\"url\":\"https:\\\/\\\/susanransen.com\\\/\",\"logo\":{\"@type\":\"ImageObject\",\"inLanguage\":\"fr-CA\",\"@id\":\"https:\\\/\\\/susanransen.com\\\/#\\\/schema\\\/logo\\\/image\\\/\",\"url\":\"https:\\\/\\\/susanransen.com\\\/wp-content\\\/uploads\\\/2022\\\/01\\\/SR_Logo_On-White_Topography-Only.png\",\"contentUrl\":\"https:\\\/\\\/susanransen.com\\\/wp-content\\\/uploads\\\/2022\\\/01\\\/SR_Logo_On-White_Topography-Only.png\",\"width\":350,\"height\":37,\"caption\":\"Susan Ransen Real Estate\"},\"image\":{\"@id\":\"https:\\\/\\\/susanransen.com\\\/#\\\/schema\\\/logo\\\/image\\\/\"},\"sameAs\":[\"https:\\\/\\\/www.facebook.com\\\/Susanransen\\\/\",\"https:\\\/\\\/www.instagram.com\\\/susanransenmtl\\\/\"]}]}<\/script>\n<!-- \/ Yoast SEO plugin. -->","yoast_head_json":{"title":"About - Susan Ransen Real Estate","robots":{"index":"index","follow":"follow","max-snippet":"max-snippet:-1","max-image-preview":"max-image-preview:large","max-video-preview":"max-video-preview:-1"},"canonical":"https:\/\/susanransen.com\/fr\/about-2\/","og_locale":"fr_CA","og_type":"article","og_title":"About - Susan Ransen Real Estate","og_description":"About Susan Explore Your Home is my mission \u201cI\u2019m inspired to find the ideal home for my clients, a place where they\u2019ll create many memories in years to come.\u201d A lifelong Montrealer, Susan Ransen grew up in Westmount in a real estate family, and learned from an early age that a strong work ethic and [&hellip;]","og_url":"https:\/\/susanransen.com\/fr\/about-2\/","og_site_name":"Susan Ransen Real Estate","article_publisher":"https:\/\/www.facebook.com\/Susanransen\/","article_modified_time":"2024-10-04T01:00:21+00:00","og_image":[{"width":400,"height":380,"url":"https:\/\/susanransen.com\/wp-content\/uploads\/2024\/10\/About.jpg","type":"image\/jpeg"}],"twitter_card":"summary_large_image","twitter_misc":{"Est. reading time":"2 minutes"},"schema":{"@context":"https:\/\/schema.org","@graph":[{"@type":"WebPage","@id":"https:\/\/susanransen.com\/about-2\/","url":"https:\/\/susanransen.com\/about-2\/","name":"About - Susan Ransen Real Estate","isPartOf":{"@id":"https:\/\/susanransen.com\/#website"},"primaryImageOfPage":{"@id":"https:\/\/susanransen.com\/about-2\/#primaryimage"},"image":{"@id":"https:\/\/susanransen.com\/about-2\/#primaryimage"},"thumbnailUrl":"https:\/\/susanransen.com\/wp-content\/uploads\/2024\/10\/About.jpg","datePublished":"2024-10-02T00:44:19+00:00","dateModified":"2024-10-04T01:00:21+00:00","breadcrumb":{"@id":"https:\/\/susanransen.com\/about-2\/#breadcrumb"},"inLanguage":"fr-CA","potentialAction":[{"@type":"ReadAction","target":["https:\/\/susanransen.com\/about-2\/"]}]},{"@type":"ImageObject","inLanguage":"fr-CA","@id":"https:\/\/susanransen.com\/about-2\/#primaryimage","url":"https:\/\/susanransen.com\/wp-content\/uploads\/2024\/10\/About.jpg","contentUrl":"https:\/\/susanransen.com\/wp-content\/uploads\/2024\/10\/About.jpg","width":400,"height":380},{"@type":"BreadcrumbList","@id":"https:\/\/susanransen.com\/about-2\/#breadcrumb","itemListElement":[{"@type":"ListItem","position":1,"name":"Home","item":"https:\/\/susanransen.com\/"},{"@type":"ListItem","position":2,"name":"About"}]},{"@type":"WebSite","@id":"https:\/\/susanransen.com\/#website","url":"https:\/\/susanransen.com\/","name":"Susan Ransen Real Estate","description":"Real Estate Agent specializing in Montreal&#039;s trendiest neighborhoods","publisher":{"@id":"https:\/\/susanransen.com\/#organization"},"potentialAction":[{"@type":"SearchAction","target":{"@type":"EntryPoint","urlTemplate":"https:\/\/susanransen.com\/?s={search_term_string}"},"query-input":{"@type":"PropertyValueSpecification","valueRequired":true,"valueName":"search_term_string"}}],"inLanguage":"fr-CA"},{"@type":"Organization","@id":"https:\/\/susanransen.com\/#organization","name":"Susan Ransen Real Estate","url":"https:\/\/susanransen.com\/","logo":{"@type":"ImageObject","inLanguage":"fr-CA","@id":"https:\/\/susanransen.com\/#\/schema\/logo\/image\/","url":"https:\/\/susanransen.com\/wp-content\/uploads\/2022\/01\/SR_Logo_On-White_Topography-Only.png","contentUrl":"https:\/\/susanransen.com\/wp-content\/uploads\/2022\/01\/SR_Logo_On-White_Topography-Only.png","width":350,"height":37,"caption":"Susan Ransen Real Estate"},"image":{"@id":"https:\/\/susanransen.com\/#\/schema\/logo\/image\/"},"sameAs":["https:\/\/www.facebook.com\/Susanransen\/","https:\/\/www.instagram.com\/susanransenmtl\/"]}]}},"_links":{"self":[{"href":"https:\/\/susanransen.com\/fr\/wp-json\/wp\/v2\/pages\/499","targetHints":{"allow":["GET"]}}],"collection":[{"href":"https:\/\/susanransen.com\/fr\/wp-json\/wp\/v2\/pages"}],"about":[{"href":"https:\/\/susanransen.com\/fr\/wp-json\/wp\/v2\/types\/page"}],"author":[{"embeddable":true,"href":"https:\/\/susanransen.com\/fr\/wp-json\/wp\/v2\/users\/1"}],"replies":[{"embeddable":true,"href":"https:\/\/susanransen.com\/fr\/wp-json\/wp\/v2\/comments?post=499"}],"version-history":[{"count":10,"href":"https:\/\/susanransen.com\/fr\/wp-json\/wp\/v2\/pages\/499\/revisions"}],"predecessor-version":[{"id":616,"href":"https:\/\/susanransen.com\/fr\/wp-json\/wp\/v2\/pages\/499\/revisions\/616"}],"wp:featuredmedia":[{"embeddable":true,"href":"https:\/\/susanransen.com\/fr\/wp-json\/wp\/v2\/media\/511"}],"wp:attachment":[{"href":"https:\/\/susanransen.com\/fr\/wp-json\/wp\/v2\/media?parent=499"}],"curies":[{"name":"wp","href":"https:\/\/api.w.org\/{rel}","templated":true}]}}